{"id":32758,"date":"2025-06-06T09:15:33","date_gmt":"2025-06-06T07:15:33","guid":{"rendered":"https:\/\/www.bilbaorkestra.eus\/?page_id=32758"},"modified":"2025-06-06T11:28:05","modified_gmt":"2025-06-06T09:28:05","slug":"2025-2026-denboraldia","status":"publish","type":"page","link":"https:\/\/www.bilbaorkestra.eus\/eu\/2025-2026-denboraldia\/","title":{"rendered":"2025-2026 denboraldia"},"content":{"rendered":"<div class=\"container\">\n<div class=\"row inner-top-xs\">\n<div class=\"col-sm-7 inner-right-xs inner-bottom-xs\">\n<h2>Denboraldi Sinfonikoa <strong>2025-2026<\/strong><\/h2>\n<figure><img loading=\"lazy\" decoding=\"async\" src=\"https:\/\/www.bilbaorkestra.eus\/wp-content\/uploads\/2025\/06\/orquesta-25-26.jpg\" alt=\"\" width=\"800\" height=\"500\" class=\"aligncenter size-full wp-image-32740\" srcset=\"https:\/\/www.bilbaorkestra.eus\/wp-content\/uploads\/2025\/06\/orquesta-25-26.jpg 800w, https:\/\/www.bilbaorkestra.eus\/wp-content\/uploads\/2025\/06\/orquesta-25-26-300x188.jpg 300w, https:\/\/www.bilbaorkestra.eus\/wp-content\/uploads\/2025\/06\/orquesta-25-26-768x480.jpg 768w\" sizes=\"auto, (max-width: 800px) 85vw, 800px\" \/><\/figure>\n<h3>Elkarrizketak<\/h3>\n<p>Musika hizkuntza unibertsal eta transzendente gisa definitu da. Hizkuntza gisa, gainera, elkarrizketaren fenomenoa bideratzeko balio du, dihardutenen hazkundea ahalbidetzen duen prozesu eraldatzaile gisa ulertuta.<\/p>\n<p>Elkarrizketa hori era askotara agertzen da. Batzuetan konpositoreak bere buruarekin hitz egiten du, hala nola Bachek fuga batean ahotsak elkarlotzen dituenean; beste batzuetan, berriz, interprete ugariri parte harrarazten die, eta haien artean hitz eginez ahots bakarra adierazten diote entzuleari, sinfonietan gertatzen den bezala. Baina musikako elkarrizketa bakarlaria duten kontzertuan agertzen da argien, fenomeno horren aurpegi guztiak erakusten dituen musika-forman: entzutea, desadostasuna, elkar ulertzea, kontrajartzea, hainbat ahots biltzen dituen helburu komuna, adostasuna.<\/p>\n<p>Bilbao Orkestra Sinfonikoaren 2025-2026 denboraldiak bakarlaria duen kontzertuari eskainiko dio bere ardatz nagusia, musika-forma horren ikuspegi modernoak erakusteko ahalegin berezia eginez, errepertorio handiarekin batera.<\/p>\n<div class=\"inner-left-xs inner-xs inner-right-xs light-bg\"  style=\"margin-bottom: 20px;\">\n<h3>Abonu tematikoa ELKARRIZKETAK: 2, 5, 11, 17<\/h3>\n<p><a class=\"btn btn-primary btn-lg btn-block\" style=\"margin-left: 0px; display: none \" href=\"\/eu\/abonuak-eta-sarrerak\/abona-zaitez\/\" target=\"_blank\" rel=\"noopener\">Abona zaitez<\/a><\/div>\n<h3>Bakarlaria duen kontzertua: Sibelius, Erkoreka, Fazil Say, Paquito D\u2019Rivera<\/h3>\n<p>Gure ziklo tematiko txikiak bakarlariak dituzten kontzertu oso desberdinen lau adibide biltzen ditu, generoaren aberastasuna erakusten dutenak. Errepertorio handia Sibeliusen biolin kontzertuak ordezkatzen du, Sergei Dogadinen eskuetan, zeinak joan den denboraldian arrakasta handia izan baitzuen. Gabriel Erkorekaren Zuhaitz kontzertuan (Kalakan taldearentzat idatzia da), naturarekin eta antzinakoarekin harreman estua duen musika organikoa aurkituko dugu. Fazil Say piano-jotzaile eta konpositore ospetsua izango dugu, Mother Earth pianorako kontzertu berria estreinatzeko orkestra ospetsuekin egingo duen bidaian. Kontzertu horretan, ingurumenarekin dugun harremanaz eta klima-aldaketaren erronkez hausnartzen du. Azkenik, Pacho Flores tronpeta-jotzaileak Concerto venezolano bikaina aurkeztuko du, Paquito D &#8216;Rivera handiak berarentzat idatzia.<\/p>\n<h3>Eraztunen Jaunaren azken kapitulua: Erregearen itzulera<\/h3>\n<p>Aurreko bi emanaldien arrakastaren ondoren, Tolkienen trilogia Erregearen itzulera lanarekin amaituko dugu, eraztunaren komunitateak Sauron gaiztoaren boterearen aurka egindako guduaren amaierarekin. Amaiera ikusgarria, 11 Oscar sari irabazi zituena, tartean jatorrizko soinu-banda onenarena Howard Shorerentzat. Peter Jacksonen filmaren proiekzio osoa Euskaldunako pantaila handian, BOSekin eta Bilboko Koral Elkarteko ahotsekin, musika eta zinema ikuskizun bikain batean.<\/p>\n<figure><img loading=\"lazy\" decoding=\"async\" src=\"https:\/\/www.bilbaorkestra.eus\/wp-content\/uploads\/2025\/06\/retorno-del-rey.jpg\" alt=\"\" width=\"800\" height=\"500\" class=\"aligncenter size-full wp-image-32743\" srcset=\"https:\/\/www.bilbaorkestra.eus\/wp-content\/uploads\/2025\/06\/retorno-del-rey.jpg 800w, https:\/\/www.bilbaorkestra.eus\/wp-content\/uploads\/2025\/06\/retorno-del-rey-300x188.jpg 300w, https:\/\/www.bilbaorkestra.eus\/wp-content\/uploads\/2025\/06\/retorno-del-rey-768x480.jpg 768w\" sizes=\"auto, (max-width: 800px) 85vw, 800px\" \/><\/figure>\n<h3>Maisuaren beste aurpegia. Joaqu\u00edn Ach\u00facarroren eskola<\/h3>\n<p>Bere bakarlari ibilbide ospetsuaz gain, Joaqu\u00edn Ach\u00facarrok jarduera pedagogiko ezaguna izan du, Dallasko Unibertsitateko katedraren eta Sienako ikastaroen artean banatua. Maisuaren beste aurpegi hori ikusten dugu bere ikasle bikainenetako batengan, Alessio Bax italiarrarengan, zeinak ibilbide bikaina baitu dagoeneko.<\/p>\n<p>Pianoak, gainera, presentzia berezia du, aipatutako Fazil Sayredo Mart\u00edn Garc\u00eda bikainar berriro gonbidatuta, edo Yeol Eum Son bertutetsuaren eta Kit Armstrong interesgarriaren bisitak jasota. Bakarlari nabarmenen zerrendan, aurreko denboraldian arrakasta handia izan zuen Sergei Dogadin biolinista,<br \/>\nSasha Cooke mezzoaren ahots bikaina, Alena Baeva biolinista eta Cristina Blanco gure biola bakarlaria ere badaude, ohikoa dugun Lorenza Borrani bikainarekin batera.<\/p>\n<p>Zuzendari ere izen garrantzitsuak: Vasily Petrenko (haren espezialitateetako bat, Shostakovichen Leningrado sinfonia), Thomas Dausgaard, Nil Venditti turkiarra eta Pablo Gonz\u00e1lez eta Nuno Coelho ezagunak.<\/p>\n<h3>Pasioa San Joanen arabera<\/h3>\n<p>Oratorio handia itzuli da gure denboraldira, hitzordu garrantzitsuenetako batean: Bachen Pasioa San Joanen arabera. Abeslari espezialista talde nabarmen bat, San Juan Bautista Abesbatzako ahots gazteekin batera, guztiak Carlos Menaren zuzendaritzapean.<\/p>\n<h3>Sortze-lan berria: itsasoa eta omenaldia Fallari<\/h3>\n<p>Itsasoan inspiratutako bi lanek, Oceans eta Unda maris izenekoek, Sigf\u00fasd\u00f3ttir islandiarraren eta Javier Quislant bilbotarraren (Reina Sof\u00eda Musika Konposizio Saria) soinuak ekarriko dizkigute. Bestalde, Mois\u00e9s P. S\u00e1nchez sortzaileak, klasikoan eta jazzean heziak, Omenaldia Manuel de Fallari estreinatuko du C\u00e1dizko konpositorearen 150. urteurrenean.<\/p>\n<h3>Moises P. Sanchezen jazza, Sasha Cookeren ahotsa, Kit Armstrong, eta Arriagaren bigarren mendeurrena<\/h3>\n<p>Mois\u00e9s P. S\u00e1nchezen jazza, Sasha Cooken ahotsa, Kit Armstrong, eta Arriagaren bigarren mendeurrena. Ganbera denboraldian abonu sinfonikoko hiru bakarlariren aurpegirik intimistenak izango ditugu: Mois\u00e9s P. S\u00e1nchez pianistak eta haren hirukoteak (Re)Inventions bikaina aurkeztuko dute, Bachen musikaren gaineko inprobisazioekin; Sasha Cookek lied errezitaldi bat eskainiko du Ram\u00f3n Tebar zuzendariarekin batera, piano-jotzaile; eta Kit Armstrong sortzaileak BOSeko kideak lagunduko ditu programa interesgarri batean. Denboraldian zehar, Juan Cris\u00f3stomo Arriagaren heriotzaren 200. urteurrena gogoratuko dugu, BOSeko kideek haren bi kuarteto interpretatuz, baita Luciano Berioren mendeurrena ere, haren Folk songs interpretatuz.<\/p>\n<h3>Lankidetza berritua Columbus Fundazioarekin: RenHacer jaialdia<\/h3>\n<p>Iazko esperientzia bikainaren ondoren, Columbus Fundazioarekin eta haren asmo handiko RenHacer Jaialdiarekin egindako lankidetza errepikatuko dugu, oraingo honetan Verdiren balio oso handiko Requiem batekin, Donostiako Orfeoiarekin eta lau bakarlari handirekin batera. Berriro ere gaixotasun arraroak ikertzeko beharrezko laguntza ikusarazteko, hiru kontzertu eskainiko dira: Logro\u00f1oko Riojaforum 09-11, Arantzazu 09-13 eta Euskalduna 09-14.<\/p>\n<h3>Euskal opera Bizkaiko kontzertuetan<\/h3>\n<p>Udako hilabeteetan euskal lirikaren inguruko programa berezi bat eskainiko dugu Lorea L\u00f3pez sopranoarekin eta Aitor Garitano tenorrarekin batera Bermeon (08-07) eta Lekeition (08-09), Bilboko Koral Elkartearen ahotsak ere sartuta Zallako (09-05) eta Getxoko (09-06) hitzorduetan.<\/p>\n<p>Aste Nagusiko programazioan gure ohiko hitzordua beteko dugu (08-20), eta gure aretoan itxiko gara Gabriel Erkorekaren musika sinfonikoari eskainitako CD bat grabatzeko. Musika garaikidearekin dugun hitzordua Musikagileak Elkartearentzako kontzertuarekin osatuko da (09-18).<\/p>\n<h3>Ura Bere Bidean 2025<\/h3>\n<p>Beste hitzordu bat Fair Saturday Fundazioarekin, denboraldiko hitzordurik jendetsuenean, euskal musika herrikoiaren festa handian, urriaren 24an eta 25ean BECen, Ura Bere Bidean kontzertu bietan.<\/p>\n<p class=\"inner-top-xs\"><a class=\"btn btn-primary btn-lg btn-block\" style=\"margin-left: 0px;\" href=\"\/eu\/abonuak-eta-sarrerak\/abona-zaitez\/\" target=\"_blank\" rel=\"noopener\">Abona zaitez<\/a><\/p>\n<\/div>\n<div class=\"col-sm-5 inner-left-xs inner-bottom-xs inner-right-xs thumbs\">\n<h2>ALDIZKARIA IKUSI<\/h2>\n<div class=\"thumb\"><a href=\"https:\/\/www.bilbaorkestra.eus\/wp-content\/uploads\/2025\/06\/Revista-temporada-25-26.pdf\" target=\"_blank\" rel=\"noopener\"><\/p>\n<figure><figcaption class=\"text-overlay\">\n<div class=\"info\">\n<h4>BOS 2025-2026<\/h4>\n<p>Aldizkaria PDF\n<\/p><\/div>\n<\/figcaption><img loading=\"lazy\" decoding=\"async\" class=\"aligncenter size-full wp-image-22745\" src=\"https:\/\/www.bilbaorkestra.eus\/wp-content\/uploads\/2025\/06\/BANNER-DOSIER-25-26.jpg\" alt=\"dosier\" width=\"421\" height=\"330\" \/><\/figure>\n<p><\/a>\n<\/div>\n<\/div>\n<div class=\"col-sm-5 inner-left-xs inner-bottom-xs inner-right-xs thumbs\">\n<h3>Denboraldi berriaren aurkezpena bideoa<\/h3>\n<p><iframe loading=\"lazy\" src=\"https:\/\/www.youtube.com\/embed\/7_lcjniCLeA?si=1q4eRfJ-ay7ovqrT&amp;controls=0\" width=\"100%\" height=\"315\" frameborder=\"0\" allowfullscreen=\"allowfullscreen\"><\/iframe><\/p>\n<\/div>\n<div class=\"col-sm-5 inner-left-xs inner-xs inner-right-xs light-bg\">\n<h2>Ganberako Denboraldia 2025 &#8211; 2026<\/h2>\n<figure><img loading=\"lazy\" decoding=\"async\" src=\"https:\/\/www.bilbaorkestra.eus\/wp-content\/uploads\/2025\/06\/moises-sanchez.jpg\" alt=\"\" width=\"800\" height=\"500\" class=\"aligncenter size-full wp-image-32746\" srcset=\"https:\/\/www.bilbaorkestra.eus\/wp-content\/uploads\/2025\/06\/moises-sanchez.jpg 800w, https:\/\/www.bilbaorkestra.eus\/wp-content\/uploads\/2025\/06\/moises-sanchez-300x188.jpg 300w, https:\/\/www.bilbaorkestra.eus\/wp-content\/uploads\/2025\/06\/moises-sanchez-768x480.jpg 768w\" sizes=\"auto, (max-width: 800px) 85vw, 800px\" \/><\/figure>\n<p>Ganbera denboraldian abonu sinfonikoko hiru bakarlariren aurpegirik intimistenak izango ditugu: Mois\u00e9s P. S\u00e1nchez pianistak eta haren hirukoteak (Re)Inventions bikaina aurkeztuko dute, Bachen musikaren gaineko inprobisazioekin; Sasha Cookek lied errezitaldi bat eskainiko du Ram\u00f3n Tebar zuzendariarekin batera, piano-jotzaile; eta Kit Armstrong sortzaileak BOSeko kideak lagunduko ditu programa interesgarri batean.<\/p>\n<figure><img loading=\"lazy\" decoding=\"async\" src=\"https:\/\/www.bilbaorkestra.eus\/wp-content\/uploads\/2025\/06\/arriaga.jpg\" alt=\"\" width=\"800\" height=\"500\" class=\"aligncenter size-full wp-image-32749\" srcset=\"https:\/\/www.bilbaorkestra.eus\/wp-content\/uploads\/2025\/06\/arriaga.jpg 800w, https:\/\/www.bilbaorkestra.eus\/wp-content\/uploads\/2025\/06\/arriaga-300x188.jpg 300w, https:\/\/www.bilbaorkestra.eus\/wp-content\/uploads\/2025\/06\/arriaga-768x480.jpg 768w\" sizes=\"auto, (max-width: 800px) 85vw, 800px\" \/><\/figure>\n<p>Denboraldian zehar, Juan Cris\u00f3stomo Arriagaren heriotzaren 200. urteurrena gogoratuko dugu, BOSeko kideek haren bi kuarteto interpretatuz, baita Luciano Berioren mendeurrena ere, haren Folk songs interpretatuz.<\/p>\n<p><strong>Kontzertu guztiak 19:30etan izango dira.<br \/>\nPalacio Euskalduna Jauregia (Bilbao). 0B Aretoa<\/strong><br \/>\n<small>Programazio hau alda liteke.<\/small><\/p>\n<p><a class=\"btn btn-primary btn-lg btn-block\" style=\"margin-left: 0px; display: none\" href=\"\/eu\/abonuak-eta-sarrerak\/abona-zaitez\/\" target=\"_blank\" rel=\"noopener\">Abona zaitez<\/a><\/p>\n<\/div>\n<div class=\"col-sm-5 inner-left-xs inner-xs inner-right-xs light-bg\" style=\"margin-bottom: 25px; margin-top: 25px;\">\n<h3>Abonu Berrien Salmenta<\/h3>\n<p>Denboraldi osorako abonuak<br \/>\n<strong>Uztailaren 8tik aurrera<\/strong><br \/>\nAbonu laburrak<br \/>\n<strong>Uztailaren 15etik aurrera<\/strong><\/p>\n<h3>Sarreren salmenta<\/h3>\n<p><strong>Irailaren 15tik aurrera <\/strong>izango dira salgai kontzertuetarako sarrera solteak\n<\/div>\n<p><!-- \/.col --><\/p>\n<\/div>\n<p><!-- \/.row --><\/p>\n<\/div>\n<p><!-- EL PIXEL EST\u00c1 EN LA PLANTILLA TEMPORADA PAGE --><\/p>\n","protected":false},"excerpt":{"rendered":"<p>Denboraldi Sinfonikoa 2025-2026 Elkarrizketak Musika hizkuntza unibertsal eta transzendente gisa definitu da. Hizkuntza gisa, gainera, elkarrizketaren fenomenoa bideratzeko balio du, dihardutenen hazkundea ahalbidetzen duen prozesu eraldatzaile gisa ulertuta. Elkarrizketa hori era askotara agertzen da. Batzuetan konpositoreak bere buruarekin hitz egiten du, hala nola Bachek fuga batean ahotsak elkarlotzen dituenean; beste batzuetan, berriz, interprete ugariri parte &hellip; <a href=\"https:\/\/www.bilbaorkestra.eus\/eu\/2025-2026-denboraldia\/\" class=\"more-link\">Jarraitu irakurtzen<span class=\"screen-reader-text\"> &#8220;2025-2026 denboraldia&#8221;<\/span><\/a><\/p>\n","protected":false},"author":1,"featured_media":32766,"parent":0,"menu_order":0,"comment_status":"closed","ping_status":"closed","template":"page_temporada.php","meta":{"_acf_changed":false,"footnotes":""},"class_list":["post-32758","page","type-page","status-publish","has-post-thumbnail","hentry"],"acf":[],"yoast_head":"<!-- This site is optimized with the Yoast SEO plugin v27.4 - https:\/\/yoast.com\/product\/yoast-seo-wordpress\/ -->\n<title>2025-2026 denboraldia - Bilbao Orkestra Sinfonikoa<\/title>\n<meta name=\"robots\" content=\"index, follow, max-snippet:-1, max-image-preview:large, max-video-preview:-1\" \/>\n<link rel=\"canonical\" href=\"https:\/\/www.bilbaorkestra.eus\/eu\/2025-2026-denboraldia\/\" \/>\n<meta property=\"og:locale\" content=\"en_US\" \/>\n<meta property=\"og:type\" content=\"article\" \/>\n<meta property=\"og:title\" content=\"2025-2026 denboraldia - Bilbao Orkestra Sinfonikoa\" \/>\n<meta property=\"og:description\" content=\"Denboraldi Sinfonikoa 2025-2026 Elkarrizketak Musika hizkuntza unibertsal eta transzendente gisa definitu da. Hizkuntza gisa, gainera, elkarrizketaren fenomenoa bideratzeko balio du, dihardutenen hazkundea ahalbidetzen duen prozesu eraldatzaile gisa ulertuta. Elkarrizketa hori era askotara agertzen da. Batzuetan konpositoreak bere buruarekin hitz egiten du, hala nola Bachek fuga batean ahotsak elkarlotzen dituenean; beste batzuetan, berriz, interprete ugariri parte &hellip; Jarraitu irakurtzen &quot;2025-2026 denboraldia&quot;\" \/>\n<meta property=\"og:url\" content=\"https:\/\/www.bilbaorkestra.eus\/eu\/2025-2026-denboraldia\/\" \/>\n<meta property=\"og:site_name\" content=\"Bilbao Orkestra Sinfonikoa\" \/>\n<meta property=\"article:publisher\" content=\"https:\/\/www.facebook.com\/SinfonicadeBilbao\" \/>\n<meta property=\"article:modified_time\" content=\"2025-06-06T09:28:05+00:00\" \/>\n<meta property=\"og:image\" content=\"https:\/\/www.bilbaorkestra.eus\/wp-content\/uploads\/2025\/06\/cabeecra-dialogos.jpg\" \/>\n\t<meta property=\"og:image:width\" content=\"1500\" \/>\n\t<meta property=\"og:image:height\" content=\"419\" \/>\n\t<meta property=\"og:image:type\" content=\"image\/jpeg\" \/>\n<meta name=\"twitter:card\" content=\"summary_large_image\" \/>\n<meta name=\"twitter:label1\" content=\"Est. reading time\" \/>\n\t<meta name=\"twitter:data1\" content=\"6 minutua\" \/>\n<script type=\"application\/ld+json\" class=\"yoast-schema-graph\">{\"@context\":\"https:\\\/\\\/schema.org\",\"@graph\":[{\"@type\":\"WebPage\",\"@id\":\"https:\\\/\\\/www.bilbaorkestra.eus\\\/eu\\\/2025-2026-denboraldia\\\/\",\"url\":\"https:\\\/\\\/www.bilbaorkestra.eus\\\/eu\\\/2025-2026-denboraldia\\\/\",\"name\":\"2025-2026 denboraldia - Bilbao Orkestra Sinfonikoa\",\"isPartOf\":{\"@id\":\"https:\\\/\\\/www.bilbaorkestra.eus\\\/#website\"},\"primaryImageOfPage\":{\"@id\":\"https:\\\/\\\/www.bilbaorkestra.eus\\\/eu\\\/2025-2026-denboraldia\\\/#primaryimage\"},\"image\":{\"@id\":\"https:\\\/\\\/www.bilbaorkestra.eus\\\/eu\\\/2025-2026-denboraldia\\\/#primaryimage\"},\"thumbnailUrl\":\"https:\\\/\\\/www.bilbaorkestra.eus\\\/wp-content\\\/uploads\\\/2025\\\/06\\\/cabeecra-dialogos.jpg\",\"datePublished\":\"2025-06-06T07:15:33+00:00\",\"dateModified\":\"2025-06-06T09:28:05+00:00\",\"breadcrumb\":{\"@id\":\"https:\\\/\\\/www.bilbaorkestra.eus\\\/eu\\\/2025-2026-denboraldia\\\/#breadcrumb\"},\"inLanguage\":\"eu\",\"potentialAction\":[{\"@type\":\"ReadAction\",\"target\":[\"https:\\\/\\\/www.bilbaorkestra.eus\\\/eu\\\/2025-2026-denboraldia\\\/\"]}]},{\"@type\":\"ImageObject\",\"inLanguage\":\"eu\",\"@id\":\"https:\\\/\\\/www.bilbaorkestra.eus\\\/eu\\\/2025-2026-denboraldia\\\/#primaryimage\",\"url\":\"https:\\\/\\\/www.bilbaorkestra.eus\\\/wp-content\\\/uploads\\\/2025\\\/06\\\/cabeecra-dialogos.jpg\",\"contentUrl\":\"https:\\\/\\\/www.bilbaorkestra.eus\\\/wp-content\\\/uploads\\\/2025\\\/06\\\/cabeecra-dialogos.jpg\",\"width\":1500,\"height\":419},{\"@type\":\"BreadcrumbList\",\"@id\":\"https:\\\/\\\/www.bilbaorkestra.eus\\\/eu\\\/2025-2026-denboraldia\\\/#breadcrumb\",\"itemListElement\":[{\"@type\":\"ListItem\",\"position\":1,\"name\":\"Portada\",\"item\":\"https:\\\/\\\/www.bilbaorkestra.eus\\\/\"},{\"@type\":\"ListItem\",\"position\":2,\"name\":\"2025-2026 denboraldia\"}]},{\"@type\":\"WebSite\",\"@id\":\"https:\\\/\\\/www.bilbaorkestra.eus\\\/#website\",\"url\":\"https:\\\/\\\/www.bilbaorkestra.eus\\\/\",\"name\":\"Bilbao Orkestra Sinfonikoa\",\"description\":\"P\u00e1gina web de la Orquesta Sinf\u00f3nica de Bilbao\",\"publisher\":{\"@id\":\"https:\\\/\\\/www.bilbaorkestra.eus\\\/#organization\"},\"potentialAction\":[{\"@type\":\"SearchAction\",\"target\":{\"@type\":\"EntryPoint\",\"urlTemplate\":\"https:\\\/\\\/www.bilbaorkestra.eus\\\/?s={search_term_string}\"},\"query-input\":{\"@type\":\"PropertyValueSpecification\",\"valueRequired\":true,\"valueName\":\"search_term_string\"}}],\"inLanguage\":\"eu\"},{\"@type\":\"Organization\",\"@id\":\"https:\\\/\\\/www.bilbaorkestra.eus\\\/#organization\",\"name\":\"Bilbao Orkestra Sinfonikoa\",\"url\":\"https:\\\/\\\/www.bilbaorkestra.eus\\\/\",\"logo\":{\"@type\":\"ImageObject\",\"inLanguage\":\"eu\",\"@id\":\"https:\\\/\\\/www.bilbaorkestra.eus\\\/#\\\/schema\\\/logo\\\/image\\\/\",\"url\":\"https:\\\/\\\/www.bilbaorkestra.eus\\\/wp-content\\\/uploads\\\/2016\\\/04\\\/logo-BOS-CMYK.jpg\",\"contentUrl\":\"https:\\\/\\\/www.bilbaorkestra.eus\\\/wp-content\\\/uploads\\\/2016\\\/04\\\/logo-BOS-CMYK.jpg\",\"width\":1772,\"height\":2113,\"caption\":\"Bilbao Orkestra Sinfonikoa\"},\"image\":{\"@id\":\"https:\\\/\\\/www.bilbaorkestra.eus\\\/#\\\/schema\\\/logo\\\/image\\\/\"},\"sameAs\":[\"https:\\\/\\\/www.facebook.com\\\/SinfonicadeBilbao\"]}]}<\/script>\n<!-- \/ Yoast SEO plugin. -->","yoast_head_json":{"title":"2025-2026 denboraldia - Bilbao Orkestra Sinfonikoa","robots":{"index":"index","follow":"follow","max-snippet":"max-snippet:-1","max-image-preview":"max-image-preview:large","max-video-preview":"max-video-preview:-1"},"canonical":"https:\/\/www.bilbaorkestra.eus\/eu\/2025-2026-denboraldia\/","og_locale":"en_US","og_type":"article","og_title":"2025-2026 denboraldia - Bilbao Orkestra Sinfonikoa","og_description":"Denboraldi Sinfonikoa 2025-2026 Elkarrizketak Musika hizkuntza unibertsal eta transzendente gisa definitu da. Hizkuntza gisa, gainera, elkarrizketaren fenomenoa bideratzeko balio du, dihardutenen hazkundea ahalbidetzen duen prozesu eraldatzaile gisa ulertuta. Elkarrizketa hori era askotara agertzen da. Batzuetan konpositoreak bere buruarekin hitz egiten du, hala nola Bachek fuga batean ahotsak elkarlotzen dituenean; beste batzuetan, berriz, interprete ugariri parte &hellip; Jarraitu irakurtzen \"2025-2026 denboraldia\"","og_url":"https:\/\/www.bilbaorkestra.eus\/eu\/2025-2026-denboraldia\/","og_site_name":"Bilbao Orkestra Sinfonikoa","article_publisher":"https:\/\/www.facebook.com\/SinfonicadeBilbao","article_modified_time":"2025-06-06T09:28:05+00:00","og_image":[{"width":1500,"height":419,"url":"https:\/\/www.bilbaorkestra.eus\/wp-content\/uploads\/2025\/06\/cabeecra-dialogos.jpg","type":"image\/jpeg"}],"twitter_card":"summary_large_image","twitter_misc":{"Est. reading time":"6 minutua"},"schema":{"@context":"https:\/\/schema.org","@graph":[{"@type":"WebPage","@id":"https:\/\/www.bilbaorkestra.eus\/eu\/2025-2026-denboraldia\/","url":"https:\/\/www.bilbaorkestra.eus\/eu\/2025-2026-denboraldia\/","name":"2025-2026 denboraldia - Bilbao Orkestra Sinfonikoa","isPartOf":{"@id":"https:\/\/www.bilbaorkestra.eus\/#website"},"primaryImageOfPage":{"@id":"https:\/\/www.bilbaorkestra.eus\/eu\/2025-2026-denboraldia\/#primaryimage"},"image":{"@id":"https:\/\/www.bilbaorkestra.eus\/eu\/2025-2026-denboraldia\/#primaryimage"},"thumbnailUrl":"https:\/\/www.bilbaorkestra.eus\/wp-content\/uploads\/2025\/06\/cabeecra-dialogos.jpg","datePublished":"2025-06-06T07:15:33+00:00","dateModified":"2025-06-06T09:28:05+00:00","breadcrumb":{"@id":"https:\/\/www.bilbaorkestra.eus\/eu\/2025-2026-denboraldia\/#breadcrumb"},"inLanguage":"eu","potentialAction":[{"@type":"ReadAction","target":["https:\/\/www.bilbaorkestra.eus\/eu\/2025-2026-denboraldia\/"]}]},{"@type":"ImageObject","inLanguage":"eu","@id":"https:\/\/www.bilbaorkestra.eus\/eu\/2025-2026-denboraldia\/#primaryimage","url":"https:\/\/www.bilbaorkestra.eus\/wp-content\/uploads\/2025\/06\/cabeecra-dialogos.jpg","contentUrl":"https:\/\/www.bilbaorkestra.eus\/wp-content\/uploads\/2025\/06\/cabeecra-dialogos.jpg","width":1500,"height":419},{"@type":"BreadcrumbList","@id":"https:\/\/www.bilbaorkestra.eus\/eu\/2025-2026-denboraldia\/#breadcrumb","itemListElement":[{"@type":"ListItem","position":1,"name":"Portada","item":"https:\/\/www.bilbaorkestra.eus\/"},{"@type":"ListItem","position":2,"name":"2025-2026 denboraldia"}]},{"@type":"WebSite","@id":"https:\/\/www.bilbaorkestra.eus\/#website","url":"https:\/\/www.bilbaorkestra.eus\/","name":"Bilbao Orkestra Sinfonikoa","description":"P\u00e1gina web de la Orquesta Sinf\u00f3nica de Bilbao","publisher":{"@id":"https:\/\/www.bilbaorkestra.eus\/#organization"},"potentialAction":[{"@type":"SearchAction","target":{"@type":"EntryPoint","urlTemplate":"https:\/\/www.bilbaorkestra.eus\/?s={search_term_string}"},"query-input":{"@type":"PropertyValueSpecification","valueRequired":true,"valueName":"search_term_string"}}],"inLanguage":"eu"},{"@type":"Organization","@id":"https:\/\/www.bilbaorkestra.eus\/#organization","name":"Bilbao Orkestra Sinfonikoa","url":"https:\/\/www.bilbaorkestra.eus\/","logo":{"@type":"ImageObject","inLanguage":"eu","@id":"https:\/\/www.bilbaorkestra.eus\/#\/schema\/logo\/image\/","url":"https:\/\/www.bilbaorkestra.eus\/wp-content\/uploads\/2016\/04\/logo-BOS-CMYK.jpg","contentUrl":"https:\/\/www.bilbaorkestra.eus\/wp-content\/uploads\/2016\/04\/logo-BOS-CMYK.jpg","width":1772,"height":2113,"caption":"Bilbao Orkestra Sinfonikoa"},"image":{"@id":"https:\/\/www.bilbaorkestra.eus\/#\/schema\/logo\/image\/"},"sameAs":["https:\/\/www.facebook.com\/SinfonicadeBilbao"]}]}},"_links":{"self":[{"href":"https:\/\/www.bilbaorkestra.eus\/eu\/wp-json\/wp\/v2\/pages\/32758","targetHints":{"allow":["GET"]}}],"collection":[{"href":"https:\/\/www.bilbaorkestra.eus\/eu\/wp-json\/wp\/v2\/pages"}],"about":[{"href":"https:\/\/www.bilbaorkestra.eus\/eu\/wp-json\/wp\/v2\/types\/page"}],"author":[{"embeddable":true,"href":"https:\/\/www.bilbaorkestra.eus\/eu\/wp-json\/wp\/v2\/users\/1"}],"replies":[{"embeddable":true,"href":"https:\/\/www.bilbaorkestra.eus\/eu\/wp-json\/wp\/v2\/comments?post=32758"}],"version-history":[{"count":7,"href":"https:\/\/www.bilbaorkestra.eus\/eu\/wp-json\/wp\/v2\/pages\/32758\/revisions"}],"predecessor-version":[{"id":32803,"href":"https:\/\/www.bilbaorkestra.eus\/eu\/wp-json\/wp\/v2\/pages\/32758\/revisions\/32803"}],"wp:featuredmedia":[{"embeddable":true,"href":"https:\/\/www.bilbaorkestra.eus\/eu\/wp-json\/wp\/v2\/media\/32766"}],"wp:attachment":[{"href":"https:\/\/www.bilbaorkestra.eus\/eu\/wp-json\/wp\/v2\/media?parent=32758"}],"curies":[{"name":"wp","href":"https:\/\/api.w.org\/{rel}","templated":true}]}}