{"id":30565,"date":"2024-04-22T11:41:21","date_gmt":"2024-04-22T09:41:21","guid":{"rendered":"https:\/\/www.bilbaorkestra.eus\/temporada-2024-2025\/"},"modified":"2025-02-03T10:49:59","modified_gmt":"2025-02-03T09:49:59","slug":"2024-2025-denboraldia","status":"publish","type":"page","link":"https:\/\/www.bilbaorkestra.eus\/eu\/2024-2025-denboraldia\/","title":{"rendered":"2024-2025 denboraldia"},"content":{"rendered":"<div class=\"container\">\n<div class=\"row inner-top-xs\">\n<div class=\"col-sm-7 inner-right-xs inner-bottom-xs\">\n<h2>Denboraldi Sinfonikoa <strong>2024-2025<\/strong><\/h2>\n<figure><img loading=\"lazy\" decoding=\"async\" src=\"https:\/\/www.bilbaorkestra.eus\/wp-content\/uploads\/2024\/04\/orquesta.jpg\" alt=\"\" width=\"500\" height=\"332\" class=\"aligncenter size-full wp-image-13434\" \/><\/figure>\n<h3>MITOAK<\/h3>\n<p>Jatorrizko adieran, mitoak istorio sakratuak dira, kontakizun ohoragarriak, gizarteak munduaren jatorria eta bilakaera azaltzeko baliatzen zituen narrazioak. Hala, memoria kolektiboan oinordetza kultural gisa geratzen ziren, hurrengo belaunaldiei errealitatea ezagutarazteko. Baina mythos hitz greziarrak ez zuen soilik \u201caparteko izakien jarduera eredugarri eta gogoangarriari buruzko kontakizun tradizionala\u201d esan nahi, baizik eta baita obra poetiko edo antzezlan baten \u201cargumentua\u201d ere. Hori horrela, artistaren figura ezinbestekoa bihurtzen da antzinako mitoen esanahia berritzeko eta, aldi berean, mito berriak sortzeko, beren jatorri erlijiosoetatik aske. Mito berri dei diezaiekegu, edo arketipo, baina, edonola ere, narrazioek beren funtsari eusten diote: betiereko giza errealitate sutsu eta dramatikoa azaltzen jarraitzen dute.<\/p>\n<p>Beraz, artistak pertsonaia eta heroiei forma ematen die, gizarteak bere sentitzen dituen bulkada eta desirak islatuz. Antton Zubikarai estimatuaren hitzetan, \u201cez dira iraganaren azalpen soil bat, ezpada kolektiboaren barrualdean dagoen sare antzeko bat, giza ibilbidearen barruan beti presente jarraitzen duena\u201d.<\/p>\n<p>Bilbao Orkestra Sinfonikoaren (BOS) 2024-2025 denboraldiak mito, pertsonaia eta arketipo horietako batzuk ekarriko ditu oholtzara, konpositoreen tratamendu musikalaren bidez beste dimentsio bat har dezaten.<\/p>\n<div class=\"inner-left-xs inner-xs inner-right-xs light-bg\"  style=\"margin-bottom: 25px;\">\n<h4>Abonu tematikoa MITOAK: 5, 6, 11, 16<\/h4>\n<p><a class=\"btn btn-primary btn-lg btn-block\" style=\"margin-left: 0px; \" href=\"\/eu\/abonuak-eta-sarrerak\/abona-zaitez\/\" target=\"_blank\" rel=\"noopener\">Abona zaitez<\/a>\n<\/div>\n<h3>Scheherezade, Zarathustra, Ofelia, Artista<\/h3>\n<p>Gure denboraldiaren barruan, lau mito edo arketipotan oinarritutako mini-ziklo bat antolatu dugu, musikaren munduan erreferentziazkoak diren lau lan sortu dituztenak. Ekialde urrunetik, adimenak eta irudimenak sultanaren ankerkeria gainditu dezaketela irakasten digu Scheherezadek, mila eta bat gau irauten duen berrikaste prozesuan, zeina Rimsky Korsakovek abentura film baten xarmaz deskribatu baitzuen. Europaren bihotzean, Nietzschek Zarathustra profeta persiarraren irudia hartzen du, jainkoen heriotzaren ostean Supergizakiak gobernatuko duen mundu berri bat predikatzeko. Richard Straussek dimentsio sinfoniko berritu eta zoragarria eman zion diskurtso horri. Shakespeare idazlearen irudimenetik sortu zen Ofelia, maitasunaren ondorioz galdutako arrazoiari buruz mintzo zena. Baina Paul Griffiths kritikari musikalak beste ahots bat eman zion Let me tell you eleberrian. Bertan, Ofeliak bere zorigaitza kontatzen digu, Bardoak Hamleten eman zizkion 483 hitzetara mugatuz, eta, Hans Abrahamsenen musikan emozio izugarria hartzen dute. Azkenik, Berliozek Artista erromantikoaren arketipoa ekarri zuen bere Sinfonia Fantastikoa ospetsura. Lan hori historiako psikodelia musikaleko lehen obratzat jo zen, kategoria hori ondo irabazita. <\/p>\n<h3>Eraztunen Jauna: bi dorreak<\/h3>\n<p>Mitoaren kontzeptua ez da mini-zikloko lau kontzertuetara mugatzen. Aitzitik, denboraldi osoa zeharkatuko du, Eraztunen Jaunaren bigarren partea bezalako programa erakargarri eta desiratuetan. Lehen emanaldiaren arrakastaren ostean, ezinbestekoa zen Howard Shoreren musika jarri eta Peter Jacksonen filma proiektatzea. Bilboko Koral Elkartearen eta bere Haurren Abesbatzaren ahotsak berriro izango ditugu gurean, BOSekin batera Tolkienen epopeia handia kontatzen jarraitzeko. Askoren ustez, Bi dorreak lana, musikaren ikuspegitik, trilogiako emanaldirik onena da, Howard Shorek izugarrizko gaitasuna erakutsi baitzuen lehendik ezagunak zitzaizkigun melodiak gai berriekin maisutasunez uztartzeko. Gainera, Euskalduna Jauregiko pantaila handian proiekzioak kalitate ezin hobea izango du.<\/p>\n<figure><img loading=\"lazy\" decoding=\"async\" src=\"https:\/\/www.bilbaorkestra.eus\/wp-content\/uploads\/2024\/04\/frodo.jpg\" alt=\"\" width=\"800\" height=\"500\" class=\"aligncenter size-full wp-image-27409\" \/><\/figure>\n<h3>Orkestra gonbidatua: Espainiako orkestra Nazionala (ONE)<\/h3>\n<p>Duela gutxi Auditorio Nazionalean izan gara. 2025eko urtarrilean, ONEk bisita itzuliko digu, mendearen lehen hamarkadan gure zuzendari titularra izan zen Juanjo Menaren zuzendaritzapean, Juan Florist\u00e1n piano-jotzailearen partaidetza eta Mahler konpositorearen 1. sinfonia (Titan) izugarria dakartzan programa erakargarria tarteko, berriz ere mitoaren oihartzunak geureganatuz.<\/p>\n<h3>Zuzendari gonbidatuen zerrenda luzea<\/h3>\n<p>Orkestra hau zuzendarien zerrenda oparo baten esku geratuko da. Batzuk ondo baino hobeto ezagutzen dituzte gure ikusleek, berriz ere baitatoz gurera, merezi duten bezala. Horren adibide dira: Erik Nielsen (gure titularra azken 9 urteetan), Nuno Coelho, Lorenza Borrani zirraragarria (berriro BOSbaroquen), Pablo Gonz\u00e1lez, Giancarlo Guerrero, eta Masaaki Suzuki (azken horrek Mozarten arien programa bat egiteko eskatu digu gurean hazkunde handiena izaten ari den kantarietako batekin, Jone Mart\u00ednezekin). Bestalde, BOSen podiumera lehen aldiz igoko dira ibilbide esanguratsua duten hiru zuzendari: Kristiina Poska, Elena Schwarz eta Joana Carneiro. Halaber, etorkizun oparoa duten hiru gazte debutatzera etorriko dira: Jaume Santonja, Luis Toro txiletarra eta Eduardo Strausser brasildarra, ospe handiko zuzendariekin batera (Tatsuya Shimono, Marcus Stenz, edo Wayne Marshal piano jotzaile eta zuzendari ikaragarria).<\/p>\n<h3>Solista ospetsuak: Frank Peter Zimmermann, Nobu, Bomsori, Kholodenko <\/h3>\n<p>Frank Peter Zimmermann biolin-jotzailearen bisita bakoitzak zirrara pizten du. Duela hainbat urtetatik biolin-jotzaileen gailurrean dagoen artista honek gure denboraldiari amaiera emango dio, Brahmsen kontzertuarekin. Hala, Totem handi hau berebiziko ekitaldi bihurtuko du. Iraganean gurekin kontzertu bikainak egin ondoren, Khachatryan bueltan da. Bestalde, debutatzera etorriko dira, batetik, Bomsori, oraindik hain ezaguna ez den arren zapaldu duen oholtza bakoitzean harridura piztu duen artista, eta, bestetik, Sergei Dogadin musikari gaztea. Piano-jotzaileen zerrendan, 2022ko lehen bisita gogoangarriaren ostean, Noburen itzuleraren zain gaude (berarekin egin genuen grabazioak 750.000 ikustaldi baino gehiago izan ditu), oraingoan Ravelen Sol maiorreko kontzertuarekin, konpositorearen 150. urteurrena ospatuz. Halaber, Vadym Kholodenkoa piano-jotzaile ukrainar zoragarria BOSekin debutatzera etorriko da, Beethovenen \u201cEnperadorea\u201d lan handia tarteko. Bere heriotzaren hamargarren urteurrenean Paco de Luc\u00eda ere oroitu nahi dugu, Al-\u00c1ndalus kontzertuarekin, Juan Manuel Ca\u00f1izares gitarra-jotzaileak bere omenez idatzia. Bestalde, N\u00e9stor Sutil flauta-jotzaileak Liebermannen Piccolo eta orkestrarako kontzertu berezia interpretatuko du, Erik Nielsenen zuzendaritzapean, bere orkestrara bueltan. <\/p>\n<h3>Kolaborazioa Columbus Fundazioarekin<\/h3>\n<p>Irailean, Columbus Fundazioarekin kolaborazio bat estreinatuko dugu, gaixotasun arraroen ikerketa babesteko. Horretarako, hiru kontzertu egingo dira (Donostiako Kursaalean irailaren 11n, Bilboko Euskaldunan irailaren 13an eta Arantzazun irailaren 14an), Joaqu\u00edn Ach\u00facarro piano-jotzailearekin eta Ram\u00f3n Tebar zuzendariaren gidaritzapean. Programan, Griegen Pianorako kontzertua eta Brahmsen 1. sinfonia entzun ahalko dira.<\/p>\n<h3>Santanderko jaialdia eta Bizkaiko presentzia<\/h3>\n<p>Abuztua eta iraila bereziki biziak izango dira BOSen kontzertuen egutegian. Udako ohiko kontzertu zirkuituaren barruan, BOSek Bermeo (abuztuak 09), Gorliz (abuztuak 13) eta Getxo (irailak 07) bisitatuko ditu. <\/p>\n<p>Halaber, Aste Nagusian ere egongo gara (abuztuak 21), eta Santanderko Nazioarteko Jaialdira itzuliko gara (abuztuak 05).<\/p>\n<p>Horrez gain, Bilboko Erruki Etxearen 250. urteurrena ospatzeko kontzertuan parte hartuko dugu (irailak 24), eta Musikagileak Elkartearekin dugun ohiko hitzordura bertaratuko gara (irailak 26). <\/p>\n<h3>Ura Bere Bidean 2024<\/h3>\n<p>Fair Saturday fundazioarekin dugun kolaborazioak bere bidea jarraituko, denboraldiko hitzordu jendetsuena bihurtu den honetan. Horren lekuko, aurtengo edizioan bere eskaintza bikoiztuko du, BECen bi kontzertu eginez: urriaren 25ean eta 26an. <\/p>\n<p class=\"inner-top-xs\">\n<a class=\"btn btn-primary btn-lg btn-block\" style=\"margin-left: 0px;\" href=\"\/eu\/abonuak-eta-sarrerak\/abona-zaitez\/\" target=\"_blank\" rel=\"noopener\">Abona zaitez<\/a>\n<\/p>\n<\/div>\n<div class=\"col-sm-5 inner-left-xs inner-bottom-xs inner-right-xs thumbs\">\n<h2>ALDIZKARIA IKUSI<\/h2>\n<div class=\"thumb\"><a href=\"https:\/\/www.bilbaorkestra.eus\/wp-content\/uploads\/2025\/02\/Revista-24-25.pdf\" target=\"_blank\" rel=\"noopener\"><\/p>\n<figure><figcaption class=\"text-overlay\">\n<div class=\"info\">\n<h4>BOS 2024-2025<\/h4>\n<p>Aldizkaria PDF\n<\/p><\/div>\n<\/figcaption><img loading=\"lazy\" decoding=\"async\" class=\"aligncenter size-full wp-image-22745\" src=\"https:\/\/www.bilbaorkestra.eus\/wp-content\/uploads\/2024\/04\/BANNER-DOSIER-24-25.jpg\" alt=\"\" width=\"421\" height=\"330\" \/><\/figure>\n<p><\/a>\n<\/div>\n<\/div>\n<div class=\"col-sm-5 inner-left-xs inner-bottom-xs inner-right-xs thumbs\">\n<h3>Denboraldi berriaren aurkezpena bideoa<\/h3>\n<p><iframe loading=\"lazy\" src=\"https:\/\/www.youtube.com\/embed\/L2FWdP7WxbY?si=SzTBsCQlk4TJXnS9\" width=\"100%\" height=\"315\" frameborder=\"0\" allowfullscreen=\"allowfullscreen\"><\/iframe><\/p>\n<\/div>\n<div class=\"col-sm-5 inner-left-xs inner-xs inner-right-xs light-bg\">\n<h2>Ganberako Denboraldia 2024-2025<\/h2>\n<figure><img loading=\"lazy\" decoding=\"async\" src=\"https:\/\/www.bilbaorkestra.eus\/wp-content\/uploads\/2024\/04\/flamenco.jpg\" alt=\"\" width=\"800\" height=\"500\" class=\"aligncenter size-full wp-image-27414\" \/><\/figure>\n<h3 class=\"text-center\">Flamenkoa Juan Manuel Ca\u00f1izaresekin, Solista handiak Bomsorirekin, Khachatryan eta gure ganbera-taldeak <\/h3>\n<p>Denboraldi sinfonikoan izango ditugun solistetako hiruk bertsio hurbilagoa eskainiko digute ganberaren denboraldiko interprete moduan. Juan Manuel Ca\u00f1izares gitarra-jotzaileak, \u00c1ngel Mu\u00f1oz dantzariarekin batera, flamenko ikuskizuna egingo dute; Bomsori biolin-jotzaileak biolin eta piano emanaldia interpretatuko du, Thomas Hope piano-jotzailearekin batera; eta Sergey Khachatryanek programa interesgarri bat aurkeztuko du, Komitas konpositore eta etnologo armeniarraren musika Sch\u00f6nbergen Gau antzaldatuaren sestetorako bertsioarekin uztartuz, BOSeko kideekin batera interpretatzeko. <\/p>\n<figure><img loading=\"lazy\" decoding=\"async\" src=\"https:\/\/www.bilbaorkestra.eus\/wp-content\/uploads\/2024\/04\/Bomsori.jpg\" alt=\"\" width=\"800\" height=\"500\" class=\"aligncenter size-full wp-image-27417\" \/><\/figure>\n<p>Gainerako programak gure ganbera-taldeen proposamenez beteta daude. Bereziki azpimarragarriak dira Ravelen urteurrena (150 urte jaio zenetik) eta Shostakovichena (50 urte hil zenetik), bi konpositoreen maisulanak jotzeko (besteak beste, sokarako kuartetoak).<\/p>\n<p><strong>Kontzertu guztiak 19:30etan izango dira.<br \/>\nPalacio Euskalduna Jauregia (Bilbao). 0B Aretoa<\/strong><br \/>\n<small>Programazio hau alda liteke.<\/small><\/p>\n<p>\n<a class=\"btn btn-primary btn-lg btn-block\" style=\"margin-left: 0px; display: none\" href=\"\/eu\/abonuak-eta-sarrerak\/abona-zaitez\/\" target=\"_blank\" rel=\"noopener\">Abona zaitez<\/a>\n<\/p>\n<\/div>\n<p><!-- \/.col --><\/p>\n<div class=\"col-sm-5 inner-left-xs inner-xs inner-right-xs light-bg\" style=\"margin-bottom: 25px; margin-top: 25px;\">\n<h3>Abonu Berrien Salmenta<\/h3>\n<p>Denboraldi osorako abonuak<br \/>\n<strong>Ekainaren 24tik aurrera<\/strong><br \/>\nAbonu laburrak<br \/>\n<strong>Ekainaren 26tik aurrera<\/strong><\/p>\n<h3>Sarreren salmenta<\/h3>\n<p><strong>Irailaren 16tik aurrera <\/strong>izango dira salgai kontzertuetarako sarrera solteak\n<\/div>\n<\/div>\n<p><!-- \/.row --><\/p>\n<\/div>\n<p><!-- EL PIXEL EST\u00c1 EN LA PLANTILLA TEMPORADA PAGE --><\/p>\n","protected":false},"excerpt":{"rendered":"<p>Denboraldi Sinfonikoa 2024-2025 MITOAK Jatorrizko adieran, mitoak istorio sakratuak dira, kontakizun ohoragarriak, gizarteak munduaren jatorria eta bilakaera azaltzeko baliatzen zituen narrazioak. Hala, memoria kolektiboan oinordetza kultural gisa geratzen ziren, hurrengo belaunaldiei errealitatea ezagutarazteko. Baina mythos hitz greziarrak ez zuen soilik \u201caparteko izakien jarduera eredugarri eta gogoangarriari buruzko kontakizun tradizionala\u201d esan nahi, baizik eta baita obra &hellip; <a href=\"https:\/\/www.bilbaorkestra.eus\/eu\/2024-2025-denboraldia\/\" class=\"more-link\">Jarraitu irakurtzen<span class=\"screen-reader-text\"> &#8220;2024-2025 denboraldia&#8221;<\/span><\/a><\/p>\n","protected":false},"author":1,"featured_media":30540,"parent":0,"menu_order":0,"comment_status":"closed","ping_status":"closed","template":"page_temporada.php","meta":{"_acf_changed":false,"footnotes":""},"class_list":["post-30565","page","type-page","status-publish","has-post-thumbnail","hentry"],"acf":[],"yoast_head":"<!-- This site is optimized with the Yoast SEO plugin v27.4 - https:\/\/yoast.com\/product\/yoast-seo-wordpress\/ -->\n<title>2024-2025 denboraldia - Bilbao Orkestra Sinfonikoa<\/title>\n<meta name=\"robots\" content=\"index, follow, max-snippet:-1, max-image-preview:large, max-video-preview:-1\" \/>\n<link rel=\"canonical\" href=\"https:\/\/www.bilbaorkestra.eus\/eu\/2024-2025-denboraldia\/\" \/>\n<meta property=\"og:locale\" content=\"en_US\" \/>\n<meta property=\"og:type\" content=\"article\" \/>\n<meta property=\"og:title\" content=\"2024-2025 denboraldia - Bilbao Orkestra Sinfonikoa\" \/>\n<meta property=\"og:description\" content=\"Denboraldi Sinfonikoa 2024-2025 MITOAK Jatorrizko adieran, mitoak istorio sakratuak dira, kontakizun ohoragarriak, gizarteak munduaren jatorria eta bilakaera azaltzeko baliatzen zituen narrazioak. Hala, memoria kolektiboan oinordetza kultural gisa geratzen ziren, hurrengo belaunaldiei errealitatea ezagutarazteko. Baina mythos hitz greziarrak ez zuen soilik \u201caparteko izakien jarduera eredugarri eta gogoangarriari buruzko kontakizun tradizionala\u201d esan nahi, baizik eta baita obra &hellip; Jarraitu irakurtzen &quot;2024-2025 denboraldia&quot;\" \/>\n<meta property=\"og:url\" content=\"https:\/\/www.bilbaorkestra.eus\/eu\/2024-2025-denboraldia\/\" \/>\n<meta property=\"og:site_name\" content=\"Bilbao Orkestra Sinfonikoa\" \/>\n<meta property=\"article:publisher\" content=\"https:\/\/www.facebook.com\/SinfonicadeBilbao\" \/>\n<meta property=\"article:modified_time\" content=\"2025-02-03T09:49:59+00:00\" \/>\n<meta property=\"og:image\" content=\"https:\/\/www.bilbaorkestra.eus\/wp-content\/uploads\/2024\/04\/cabecera-temporada-24-25.jpg\" \/>\n\t<meta property=\"og:image:width\" content=\"1500\" \/>\n\t<meta property=\"og:image:height\" content=\"300\" \/>\n\t<meta property=\"og:image:type\" content=\"image\/jpeg\" \/>\n<meta name=\"twitter:card\" content=\"summary_large_image\" \/>\n<meta name=\"twitter:label1\" content=\"Est. reading time\" \/>\n\t<meta name=\"twitter:data1\" content=\"7 minutua\" \/>\n<script type=\"application\/ld+json\" class=\"yoast-schema-graph\">{\"@context\":\"https:\\\/\\\/schema.org\",\"@graph\":[{\"@type\":\"WebPage\",\"@id\":\"https:\\\/\\\/www.bilbaorkestra.eus\\\/eu\\\/2024-2025-denboraldia\\\/\",\"url\":\"https:\\\/\\\/www.bilbaorkestra.eus\\\/eu\\\/2024-2025-denboraldia\\\/\",\"name\":\"2024-2025 denboraldia - Bilbao Orkestra Sinfonikoa\",\"isPartOf\":{\"@id\":\"https:\\\/\\\/www.bilbaorkestra.eus\\\/#website\"},\"primaryImageOfPage\":{\"@id\":\"https:\\\/\\\/www.bilbaorkestra.eus\\\/eu\\\/2024-2025-denboraldia\\\/#primaryimage\"},\"image\":{\"@id\":\"https:\\\/\\\/www.bilbaorkestra.eus\\\/eu\\\/2024-2025-denboraldia\\\/#primaryimage\"},\"thumbnailUrl\":\"https:\\\/\\\/www.bilbaorkestra.eus\\\/wp-content\\\/uploads\\\/2024\\\/04\\\/cabecera-temporada-24-25.jpg\",\"datePublished\":\"2024-04-22T09:41:21+00:00\",\"dateModified\":\"2025-02-03T09:49:59+00:00\",\"breadcrumb\":{\"@id\":\"https:\\\/\\\/www.bilbaorkestra.eus\\\/eu\\\/2024-2025-denboraldia\\\/#breadcrumb\"},\"inLanguage\":\"eu\",\"potentialAction\":[{\"@type\":\"ReadAction\",\"target\":[\"https:\\\/\\\/www.bilbaorkestra.eus\\\/eu\\\/2024-2025-denboraldia\\\/\"]}]},{\"@type\":\"ImageObject\",\"inLanguage\":\"eu\",\"@id\":\"https:\\\/\\\/www.bilbaorkestra.eus\\\/eu\\\/2024-2025-denboraldia\\\/#primaryimage\",\"url\":\"https:\\\/\\\/www.bilbaorkestra.eus\\\/wp-content\\\/uploads\\\/2024\\\/04\\\/cabecera-temporada-24-25.jpg\",\"contentUrl\":\"https:\\\/\\\/www.bilbaorkestra.eus\\\/wp-content\\\/uploads\\\/2024\\\/04\\\/cabecera-temporada-24-25.jpg\",\"width\":1500,\"height\":300},{\"@type\":\"BreadcrumbList\",\"@id\":\"https:\\\/\\\/www.bilbaorkestra.eus\\\/eu\\\/2024-2025-denboraldia\\\/#breadcrumb\",\"itemListElement\":[{\"@type\":\"ListItem\",\"position\":1,\"name\":\"Portada\",\"item\":\"https:\\\/\\\/www.bilbaorkestra.eus\\\/\"},{\"@type\":\"ListItem\",\"position\":2,\"name\":\"2024-2025 denboraldia\"}]},{\"@type\":\"WebSite\",\"@id\":\"https:\\\/\\\/www.bilbaorkestra.eus\\\/#website\",\"url\":\"https:\\\/\\\/www.bilbaorkestra.eus\\\/\",\"name\":\"Bilbao Orkestra Sinfonikoa\",\"description\":\"P\u00e1gina web de la Orquesta Sinf\u00f3nica de Bilbao\",\"publisher\":{\"@id\":\"https:\\\/\\\/www.bilbaorkestra.eus\\\/#organization\"},\"potentialAction\":[{\"@type\":\"SearchAction\",\"target\":{\"@type\":\"EntryPoint\",\"urlTemplate\":\"https:\\\/\\\/www.bilbaorkestra.eus\\\/?s={search_term_string}\"},\"query-input\":{\"@type\":\"PropertyValueSpecification\",\"valueRequired\":true,\"valueName\":\"search_term_string\"}}],\"inLanguage\":\"eu\"},{\"@type\":\"Organization\",\"@id\":\"https:\\\/\\\/www.bilbaorkestra.eus\\\/#organization\",\"name\":\"Bilbao Orkestra Sinfonikoa\",\"url\":\"https:\\\/\\\/www.bilbaorkestra.eus\\\/\",\"logo\":{\"@type\":\"ImageObject\",\"inLanguage\":\"eu\",\"@id\":\"https:\\\/\\\/www.bilbaorkestra.eus\\\/#\\\/schema\\\/logo\\\/image\\\/\",\"url\":\"https:\\\/\\\/www.bilbaorkestra.eus\\\/wp-content\\\/uploads\\\/2016\\\/04\\\/logo-BOS-CMYK.jpg\",\"contentUrl\":\"https:\\\/\\\/www.bilbaorkestra.eus\\\/wp-content\\\/uploads\\\/2016\\\/04\\\/logo-BOS-CMYK.jpg\",\"width\":1772,\"height\":2113,\"caption\":\"Bilbao Orkestra Sinfonikoa\"},\"image\":{\"@id\":\"https:\\\/\\\/www.bilbaorkestra.eus\\\/#\\\/schema\\\/logo\\\/image\\\/\"},\"sameAs\":[\"https:\\\/\\\/www.facebook.com\\\/SinfonicadeBilbao\"]}]}<\/script>\n<!-- \/ Yoast SEO plugin. -->","yoast_head_json":{"title":"2024-2025 denboraldia - Bilbao Orkestra Sinfonikoa","robots":{"index":"index","follow":"follow","max-snippet":"max-snippet:-1","max-image-preview":"max-image-preview:large","max-video-preview":"max-video-preview:-1"},"canonical":"https:\/\/www.bilbaorkestra.eus\/eu\/2024-2025-denboraldia\/","og_locale":"en_US","og_type":"article","og_title":"2024-2025 denboraldia - Bilbao Orkestra Sinfonikoa","og_description":"Denboraldi Sinfonikoa 2024-2025 MITOAK Jatorrizko adieran, mitoak istorio sakratuak dira, kontakizun ohoragarriak, gizarteak munduaren jatorria eta bilakaera azaltzeko baliatzen zituen narrazioak. Hala, memoria kolektiboan oinordetza kultural gisa geratzen ziren, hurrengo belaunaldiei errealitatea ezagutarazteko. Baina mythos hitz greziarrak ez zuen soilik \u201caparteko izakien jarduera eredugarri eta gogoangarriari buruzko kontakizun tradizionala\u201d esan nahi, baizik eta baita obra &hellip; Jarraitu irakurtzen \"2024-2025 denboraldia\"","og_url":"https:\/\/www.bilbaorkestra.eus\/eu\/2024-2025-denboraldia\/","og_site_name":"Bilbao Orkestra Sinfonikoa","article_publisher":"https:\/\/www.facebook.com\/SinfonicadeBilbao","article_modified_time":"2025-02-03T09:49:59+00:00","og_image":[{"width":1500,"height":300,"url":"https:\/\/www.bilbaorkestra.eus\/wp-content\/uploads\/2024\/04\/cabecera-temporada-24-25.jpg","type":"image\/jpeg"}],"twitter_card":"summary_large_image","twitter_misc":{"Est. reading time":"7 minutua"},"schema":{"@context":"https:\/\/schema.org","@graph":[{"@type":"WebPage","@id":"https:\/\/www.bilbaorkestra.eus\/eu\/2024-2025-denboraldia\/","url":"https:\/\/www.bilbaorkestra.eus\/eu\/2024-2025-denboraldia\/","name":"2024-2025 denboraldia - Bilbao Orkestra Sinfonikoa","isPartOf":{"@id":"https:\/\/www.bilbaorkestra.eus\/#website"},"primaryImageOfPage":{"@id":"https:\/\/www.bilbaorkestra.eus\/eu\/2024-2025-denboraldia\/#primaryimage"},"image":{"@id":"https:\/\/www.bilbaorkestra.eus\/eu\/2024-2025-denboraldia\/#primaryimage"},"thumbnailUrl":"https:\/\/www.bilbaorkestra.eus\/wp-content\/uploads\/2024\/04\/cabecera-temporada-24-25.jpg","datePublished":"2024-04-22T09:41:21+00:00","dateModified":"2025-02-03T09:49:59+00:00","breadcrumb":{"@id":"https:\/\/www.bilbaorkestra.eus\/eu\/2024-2025-denboraldia\/#breadcrumb"},"inLanguage":"eu","potentialAction":[{"@type":"ReadAction","target":["https:\/\/www.bilbaorkestra.eus\/eu\/2024-2025-denboraldia\/"]}]},{"@type":"ImageObject","inLanguage":"eu","@id":"https:\/\/www.bilbaorkestra.eus\/eu\/2024-2025-denboraldia\/#primaryimage","url":"https:\/\/www.bilbaorkestra.eus\/wp-content\/uploads\/2024\/04\/cabecera-temporada-24-25.jpg","contentUrl":"https:\/\/www.bilbaorkestra.eus\/wp-content\/uploads\/2024\/04\/cabecera-temporada-24-25.jpg","width":1500,"height":300},{"@type":"BreadcrumbList","@id":"https:\/\/www.bilbaorkestra.eus\/eu\/2024-2025-denboraldia\/#breadcrumb","itemListElement":[{"@type":"ListItem","position":1,"name":"Portada","item":"https:\/\/www.bilbaorkestra.eus\/"},{"@type":"ListItem","position":2,"name":"2024-2025 denboraldia"}]},{"@type":"WebSite","@id":"https:\/\/www.bilbaorkestra.eus\/#website","url":"https:\/\/www.bilbaorkestra.eus\/","name":"Bilbao Orkestra Sinfonikoa","description":"P\u00e1gina web de la Orquesta Sinf\u00f3nica de Bilbao","publisher":{"@id":"https:\/\/www.bilbaorkestra.eus\/#organization"},"potentialAction":[{"@type":"SearchAction","target":{"@type":"EntryPoint","urlTemplate":"https:\/\/www.bilbaorkestra.eus\/?s={search_term_string}"},"query-input":{"@type":"PropertyValueSpecification","valueRequired":true,"valueName":"search_term_string"}}],"inLanguage":"eu"},{"@type":"Organization","@id":"https:\/\/www.bilbaorkestra.eus\/#organization","name":"Bilbao Orkestra Sinfonikoa","url":"https:\/\/www.bilbaorkestra.eus\/","logo":{"@type":"ImageObject","inLanguage":"eu","@id":"https:\/\/www.bilbaorkestra.eus\/#\/schema\/logo\/image\/","url":"https:\/\/www.bilbaorkestra.eus\/wp-content\/uploads\/2016\/04\/logo-BOS-CMYK.jpg","contentUrl":"https:\/\/www.bilbaorkestra.eus\/wp-content\/uploads\/2016\/04\/logo-BOS-CMYK.jpg","width":1772,"height":2113,"caption":"Bilbao Orkestra Sinfonikoa"},"image":{"@id":"https:\/\/www.bilbaorkestra.eus\/#\/schema\/logo\/image\/"},"sameAs":["https:\/\/www.facebook.com\/SinfonicadeBilbao"]}]}},"_links":{"self":[{"href":"https:\/\/www.bilbaorkestra.eus\/eu\/wp-json\/wp\/v2\/pages\/30565","targetHints":{"allow":["GET"]}}],"collection":[{"href":"https:\/\/www.bilbaorkestra.eus\/eu\/wp-json\/wp\/v2\/pages"}],"about":[{"href":"https:\/\/www.bilbaorkestra.eus\/eu\/wp-json\/wp\/v2\/types\/page"}],"author":[{"embeddable":true,"href":"https:\/\/www.bilbaorkestra.eus\/eu\/wp-json\/wp\/v2\/users\/1"}],"replies":[{"embeddable":true,"href":"https:\/\/www.bilbaorkestra.eus\/eu\/wp-json\/wp\/v2\/comments?post=30565"}],"version-history":[{"count":31,"href":"https:\/\/www.bilbaorkestra.eus\/eu\/wp-json\/wp\/v2\/pages\/30565\/revisions"}],"predecessor-version":[{"id":32236,"href":"https:\/\/www.bilbaorkestra.eus\/eu\/wp-json\/wp\/v2\/pages\/30565\/revisions\/32236"}],"wp:featuredmedia":[{"embeddable":true,"href":"https:\/\/www.bilbaorkestra.eus\/eu\/wp-json\/wp\/v2\/media\/30540"}],"wp:attachment":[{"href":"https:\/\/www.bilbaorkestra.eus\/eu\/wp-json\/wp\/v2\/media?parent=30565"}],"curies":[{"name":"wp","href":"https:\/\/api.w.org\/{rel}","templated":true}]}}