{"id":28010,"date":"2018-01-24T16:32:16","date_gmt":"2018-01-24T15:32:16","guid":{"rendered":"https:\/\/www.bilbaorkestra.eus\/politica-de-calidad\/"},"modified":"2026-01-15T10:19:23","modified_gmt":"2026-01-15T09:19:23","slug":"quality-politics","status":"publish","type":"page","link":"https:\/\/www.bilbaorkestra.eus\/en\/quality-politics\/","title":{"rendered":"Quality politics"},"content":{"rendered":"<p>La Direcci\u00f3n de BOS ha determinado la implantaci\u00f3n y el mantenimiento de un Sistema de Gesti\u00f3n de la Calidad orientado no solo a optimizar la estructura organizativa de la empresa, sino tambi\u00e9n a asegurar el cumplimiento de los requisitos establecidos en la norma ISO 9001:2015. <\/p>\n<p>Este sistema, aun no siendo de car\u00e1cter obligatorio, representa un punto de inflexi\u00f3n estrat\u00e9gico para aumentar nuestra visibilidad, mejorar nuestra competitividad y facilitar nuestra elegibilidad como potenciales beneficiarios de financiaci\u00f3n.<\/p>\n<p>Todas las actividades desarrolladas en BOS, en cualquier \u00e1rea o puesto de trabajo, se llevar\u00e1n a cabo bajo un enfoque de mejora continua, promoviendo el compromiso individual y el trabajo colaborativo como elementos esenciales para alcanzar los resultados esperados.<\/p>\n<p>La Direcci\u00f3n de BOS asume el compromiso de:<\/p>\n<p>Revisar y actualizar de forma peri\u00f3dica el Sistema de Gesti\u00f3n implantado, garantizando que contribuya a comprender y satisfacer las necesidades y expectativas de las partes interesadas.<\/p>\n<p>Reconocer a nuestros clientes, a las personas trabajadoras y a nuestros proveedores como agentes fundamentales para el adecuado funcionamiento de la organizaci\u00f3n.<\/p>\n<p>Cumplir con la normativa aplicable<\/p>\n<p>Esta Pol\u00edtica gu\u00eda objetivos medibles orientados a garantizar la sostenibilidad de BOS y la plena satisfacci\u00f3n de su p\u00fablico.<\/p>\n<p>En Bilbao a 31 de diciembre de 2025<br \/>\n<em>Director General<\/em><br \/>\n<em>I\u00f1igo Alberdi Amasorrain<\/em><\/p>\n","protected":false},"excerpt":{"rendered":"<p>La Direcci\u00f3n de BOS ha determinado la implantaci\u00f3n y el mantenimiento de un Sistema de Gesti\u00f3n de la Calidad orientado no solo a optimizar la estructura organizativa de la empresa, sino tambi\u00e9n a asegurar el cumplimiento de los requisitos establecidos en la norma ISO 9001:2015. Este sistema, aun no siendo de car\u00e1cter obligatorio, representa un &hellip; <a href=\"https:\/\/www.bilbaorkestra.eus\/en\/quality-politics\/\" class=\"more-link\">Continue reading <span class=\"screen-reader-text\"> &#8220;Quality politics&#8221;<\/span><\/a><\/p>\n","protected":false},"author":1,"featured_media":610,"parent":0,"menu_order":0,"comment_status":"closed","ping_status":"closed","template":"","meta":{"_acf_changed":false,"footnotes":""},"class_list":["post-28010","page","type-page","status-publish","has-post-thumbnail","hentry"],"acf":[],"yoast_head":"<!-- This site is optimized with the Yoast SEO plugin v27.4 - https:\/\/yoast.com\/product\/yoast-seo-wordpress\/ -->\n<title>Quality politics - Bilbao Orkestra Sinfonikoa<\/title>\n<meta name=\"robots\" content=\"index, follow, max-snippet:-1, max-image-preview:large, max-video-preview:-1\" \/>\n<link rel=\"canonical\" href=\"https:\/\/www.bilbaorkestra.eus\/en\/quality-politics\/\" \/>\n<meta property=\"og:locale\" content=\"en_US\" \/>\n<meta property=\"og:type\" content=\"article\" \/>\n<meta property=\"og:title\" content=\"Quality politics - Bilbao Orkestra Sinfonikoa\" \/>\n<meta property=\"og:description\" content=\"La Direcci\u00f3n de BOS ha determinado la implantaci\u00f3n y el mantenimiento de un Sistema de Gesti\u00f3n de la Calidad orientado no solo a optimizar la estructura organizativa de la empresa, sino tambi\u00e9n a asegurar el cumplimiento de los requisitos establecidos en la norma ISO 9001:2015. Este sistema, aun no siendo de car\u00e1cter obligatorio, representa un &hellip; Continue reading &quot;Quality politics&quot;\" \/>\n<meta property=\"og:url\" content=\"https:\/\/www.bilbaorkestra.eus\/en\/quality-politics\/\" \/>\n<meta property=\"og:site_name\" content=\"Bilbao Orkestra Sinfonikoa\" \/>\n<meta property=\"article:publisher\" content=\"https:\/\/www.facebook.com\/SinfonicadeBilbao\" \/>\n<meta property=\"article:modified_time\" content=\"2026-01-15T09:19:23+00:00\" \/>\n<meta property=\"og:image\" content=\"https:\/\/www.bilbaorkestra.eus\/wp-content\/uploads\/2016\/02\/violas.jpg\" \/>\n\t<meta property=\"og:image:width\" content=\"1400\" \/>\n\t<meta property=\"og:image:height\" content=\"300\" \/>\n\t<meta property=\"og:image:type\" content=\"image\/jpeg\" \/>\n<meta name=\"twitter:card\" content=\"summary_large_image\" \/>\n<meta name=\"twitter:label1\" content=\"Est. reading time\" \/>\n\t<meta name=\"twitter:data1\" content=\"2 minutes\" \/>\n<script type=\"application\/ld+json\" class=\"yoast-schema-graph\">{\"@context\":\"https:\\\/\\\/schema.org\",\"@graph\":[{\"@type\":\"WebPage\",\"@id\":\"https:\\\/\\\/www.bilbaorkestra.eus\\\/en\\\/quality-politics\\\/\",\"url\":\"https:\\\/\\\/www.bilbaorkestra.eus\\\/en\\\/quality-politics\\\/\",\"name\":\"Quality politics - Bilbao Orkestra Sinfonikoa\",\"isPartOf\":{\"@id\":\"https:\\\/\\\/www.bilbaorkestra.eus\\\/#website\"},\"primaryImageOfPage\":{\"@id\":\"https:\\\/\\\/www.bilbaorkestra.eus\\\/en\\\/quality-politics\\\/#primaryimage\"},\"image\":{\"@id\":\"https:\\\/\\\/www.bilbaorkestra.eus\\\/en\\\/quality-politics\\\/#primaryimage\"},\"thumbnailUrl\":\"https:\\\/\\\/www.bilbaorkestra.eus\\\/wp-content\\\/uploads\\\/2016\\\/02\\\/violas.jpg\",\"datePublished\":\"2018-01-24T15:32:16+00:00\",\"dateModified\":\"2026-01-15T09:19:23+00:00\",\"breadcrumb\":{\"@id\":\"https:\\\/\\\/www.bilbaorkestra.eus\\\/en\\\/quality-politics\\\/#breadcrumb\"},\"inLanguage\":\"en-US\",\"potentialAction\":[{\"@type\":\"ReadAction\",\"target\":[\"https:\\\/\\\/www.bilbaorkestra.eus\\\/en\\\/quality-politics\\\/\"]}]},{\"@type\":\"ImageObject\",\"inLanguage\":\"en-US\",\"@id\":\"https:\\\/\\\/www.bilbaorkestra.eus\\\/en\\\/quality-politics\\\/#primaryimage\",\"url\":\"https:\\\/\\\/www.bilbaorkestra.eus\\\/wp-content\\\/uploads\\\/2016\\\/02\\\/violas.jpg\",\"contentUrl\":\"https:\\\/\\\/www.bilbaorkestra.eus\\\/wp-content\\\/uploads\\\/2016\\\/02\\\/violas.jpg\",\"width\":1400,\"height\":300},{\"@type\":\"BreadcrumbList\",\"@id\":\"https:\\\/\\\/www.bilbaorkestra.eus\\\/en\\\/quality-politics\\\/#breadcrumb\",\"itemListElement\":[{\"@type\":\"ListItem\",\"position\":1,\"name\":\"Portada\",\"item\":\"https:\\\/\\\/www.bilbaorkestra.eus\\\/\"},{\"@type\":\"ListItem\",\"position\":2,\"name\":\"Quality politics\"}]},{\"@type\":\"WebSite\",\"@id\":\"https:\\\/\\\/www.bilbaorkestra.eus\\\/#website\",\"url\":\"https:\\\/\\\/www.bilbaorkestra.eus\\\/\",\"name\":\"Bilbao Orkestra Sinfonikoa\",\"description\":\"P\u00e1gina web de la Orquesta Sinf\u00f3nica de Bilbao\",\"publisher\":{\"@id\":\"https:\\\/\\\/www.bilbaorkestra.eus\\\/#organization\"},\"potentialAction\":[{\"@type\":\"SearchAction\",\"target\":{\"@type\":\"EntryPoint\",\"urlTemplate\":\"https:\\\/\\\/www.bilbaorkestra.eus\\\/?s={search_term_string}\"},\"query-input\":{\"@type\":\"PropertyValueSpecification\",\"valueRequired\":true,\"valueName\":\"search_term_string\"}}],\"inLanguage\":\"en-US\"},{\"@type\":\"Organization\",\"@id\":\"https:\\\/\\\/www.bilbaorkestra.eus\\\/#organization\",\"name\":\"Bilbao Orkestra Sinfonikoa\",\"url\":\"https:\\\/\\\/www.bilbaorkestra.eus\\\/\",\"logo\":{\"@type\":\"ImageObject\",\"inLanguage\":\"en-US\",\"@id\":\"https:\\\/\\\/www.bilbaorkestra.eus\\\/#\\\/schema\\\/logo\\\/image\\\/\",\"url\":\"https:\\\/\\\/www.bilbaorkestra.eus\\\/wp-content\\\/uploads\\\/2016\\\/04\\\/logo-BOS-CMYK.jpg\",\"contentUrl\":\"https:\\\/\\\/www.bilbaorkestra.eus\\\/wp-content\\\/uploads\\\/2016\\\/04\\\/logo-BOS-CMYK.jpg\",\"width\":1772,\"height\":2113,\"caption\":\"Bilbao Orkestra Sinfonikoa\"},\"image\":{\"@id\":\"https:\\\/\\\/www.bilbaorkestra.eus\\\/#\\\/schema\\\/logo\\\/image\\\/\"},\"sameAs\":[\"https:\\\/\\\/www.facebook.com\\\/SinfonicadeBilbao\"]}]}<\/script>\n<!-- \/ Yoast SEO plugin. -->","yoast_head_json":{"title":"Quality politics - Bilbao Orkestra Sinfonikoa","robots":{"index":"index","follow":"follow","max-snippet":"max-snippet:-1","max-image-preview":"max-image-preview:large","max-video-preview":"max-video-preview:-1"},"canonical":"https:\/\/www.bilbaorkestra.eus\/en\/quality-politics\/","og_locale":"en_US","og_type":"article","og_title":"Quality politics - Bilbao Orkestra Sinfonikoa","og_description":"La Direcci\u00f3n de BOS ha determinado la implantaci\u00f3n y el mantenimiento de un Sistema de Gesti\u00f3n de la Calidad orientado no solo a optimizar la estructura organizativa de la empresa, sino tambi\u00e9n a asegurar el cumplimiento de los requisitos establecidos en la norma ISO 9001:2015. Este sistema, aun no siendo de car\u00e1cter obligatorio, representa un &hellip; Continue reading \"Quality politics\"","og_url":"https:\/\/www.bilbaorkestra.eus\/en\/quality-politics\/","og_site_name":"Bilbao Orkestra Sinfonikoa","article_publisher":"https:\/\/www.facebook.com\/SinfonicadeBilbao","article_modified_time":"2026-01-15T09:19:23+00:00","og_image":[{"width":1400,"height":300,"url":"https:\/\/www.bilbaorkestra.eus\/wp-content\/uploads\/2016\/02\/violas.jpg","type":"image\/jpeg"}],"twitter_card":"summary_large_image","twitter_misc":{"Est. reading time":"2 minutes"},"schema":{"@context":"https:\/\/schema.org","@graph":[{"@type":"WebPage","@id":"https:\/\/www.bilbaorkestra.eus\/en\/quality-politics\/","url":"https:\/\/www.bilbaorkestra.eus\/en\/quality-politics\/","name":"Quality politics - Bilbao Orkestra Sinfonikoa","isPartOf":{"@id":"https:\/\/www.bilbaorkestra.eus\/#website"},"primaryImageOfPage":{"@id":"https:\/\/www.bilbaorkestra.eus\/en\/quality-politics\/#primaryimage"},"image":{"@id":"https:\/\/www.bilbaorkestra.eus\/en\/quality-politics\/#primaryimage"},"thumbnailUrl":"https:\/\/www.bilbaorkestra.eus\/wp-content\/uploads\/2016\/02\/violas.jpg","datePublished":"2018-01-24T15:32:16+00:00","dateModified":"2026-01-15T09:19:23+00:00","breadcrumb":{"@id":"https:\/\/www.bilbaorkestra.eus\/en\/quality-politics\/#breadcrumb"},"inLanguage":"en-US","potentialAction":[{"@type":"ReadAction","target":["https:\/\/www.bilbaorkestra.eus\/en\/quality-politics\/"]}]},{"@type":"ImageObject","inLanguage":"en-US","@id":"https:\/\/www.bilbaorkestra.eus\/en\/quality-politics\/#primaryimage","url":"https:\/\/www.bilbaorkestra.eus\/wp-content\/uploads\/2016\/02\/violas.jpg","contentUrl":"https:\/\/www.bilbaorkestra.eus\/wp-content\/uploads\/2016\/02\/violas.jpg","width":1400,"height":300},{"@type":"BreadcrumbList","@id":"https:\/\/www.bilbaorkestra.eus\/en\/quality-politics\/#breadcrumb","itemListElement":[{"@type":"ListItem","position":1,"name":"Portada","item":"https:\/\/www.bilbaorkestra.eus\/"},{"@type":"ListItem","position":2,"name":"Quality politics"}]},{"@type":"WebSite","@id":"https:\/\/www.bilbaorkestra.eus\/#website","url":"https:\/\/www.bilbaorkestra.eus\/","name":"Bilbao Orkestra Sinfonikoa","description":"P\u00e1gina web de la Orquesta Sinf\u00f3nica de Bilbao","publisher":{"@id":"https:\/\/www.bilbaorkestra.eus\/#organization"},"potentialAction":[{"@type":"SearchAction","target":{"@type":"EntryPoint","urlTemplate":"https:\/\/www.bilbaorkestra.eus\/?s={search_term_string}"},"query-input":{"@type":"PropertyValueSpecification","valueRequired":true,"valueName":"search_term_string"}}],"inLanguage":"en-US"},{"@type":"Organization","@id":"https:\/\/www.bilbaorkestra.eus\/#organization","name":"Bilbao Orkestra Sinfonikoa","url":"https:\/\/www.bilbaorkestra.eus\/","logo":{"@type":"ImageObject","inLanguage":"en-US","@id":"https:\/\/www.bilbaorkestra.eus\/#\/schema\/logo\/image\/","url":"https:\/\/www.bilbaorkestra.eus\/wp-content\/uploads\/2016\/04\/logo-BOS-CMYK.jpg","contentUrl":"https:\/\/www.bilbaorkestra.eus\/wp-content\/uploads\/2016\/04\/logo-BOS-CMYK.jpg","width":1772,"height":2113,"caption":"Bilbao Orkestra Sinfonikoa"},"image":{"@id":"https:\/\/www.bilbaorkestra.eus\/#\/schema\/logo\/image\/"},"sameAs":["https:\/\/www.facebook.com\/SinfonicadeBilbao"]}]}},"_links":{"self":[{"href":"https:\/\/www.bilbaorkestra.eus\/en\/wp-json\/wp\/v2\/pages\/28010","targetHints":{"allow":["GET"]}}],"collection":[{"href":"https:\/\/www.bilbaorkestra.eus\/en\/wp-json\/wp\/v2\/pages"}],"about":[{"href":"https:\/\/www.bilbaorkestra.eus\/en\/wp-json\/wp\/v2\/types\/page"}],"author":[{"embeddable":true,"href":"https:\/\/www.bilbaorkestra.eus\/en\/wp-json\/wp\/v2\/users\/1"}],"replies":[{"embeddable":true,"href":"https:\/\/www.bilbaorkestra.eus\/en\/wp-json\/wp\/v2\/comments?post=28010"}],"version-history":[{"count":4,"href":"https:\/\/www.bilbaorkestra.eus\/en\/wp-json\/wp\/v2\/pages\/28010\/revisions"}],"predecessor-version":[{"id":33826,"href":"https:\/\/www.bilbaorkestra.eus\/en\/wp-json\/wp\/v2\/pages\/28010\/revisions\/33826"}],"wp:featuredmedia":[{"embeddable":true,"href":"https:\/\/www.bilbaorkestra.eus\/en\/wp-json\/wp\/v2\/media\/610"}],"wp:attachment":[{"href":"https:\/\/www.bilbaorkestra.eus\/en\/wp-json\/wp\/v2\/media?parent=28010"}],"curies":[{"name":"wp","href":"https:\/\/api.w.org\/{rel}","templated":true}]}}